{"id":195,"date":"2021-11-15T23:01:07","date_gmt":"2021-11-15T21:01:07","guid":{"rendered":"https:\/\/studiokofol.com\/?page_id=195"},"modified":"2026-02-27T19:14:46","modified_gmt":"2026-02-27T17:14:46","slug":"fotografiranje-nosecnic","status":"publish","type":"page","link":"https:\/\/studiokofol.com\/it\/fotografiranje-nosecnic\/","title":{"rendered":"Maternit\u00e0"},"content":{"rendered":"<div  class=\"one withsmallpadding ppb_header\" style=\"text-align:center;padding:15px 0 15px 0;\" >\n<div class=\"standard_wrapper\">\n<div class=\"page_content_wrapper\">\n<div class=\"inner\">\n<div style=\"margin:auto;width:100%\">\n<h2 class=\"ppb_title\" style=\"\">Servizio fotografico gravidanza<\/h2>\n<div class=\"page_header_sep center\"><\/div>\n<\/div>\n<\/div>\n<\/div>\n<\/div>\n<\/div>\n<div  class=\"one\" style=\"padding:15px 0 15px 0;\" >\n<div class=\"page_content_wrapper withbg\" style=\"background-image:url(https:\/\/studiokofol.com\/wp-content\/uploads\/2022\/01\/Jerneja-012-e1644520977807.jpg);background-size:cover;background-position:center center;height:510px;position:relative;\"><\/div>\n<\/div>\n<div  class=\"one withsmallpadding ppb_text\" style=\"padding:30px 0 30px 0;\" >\n<div class=\"standard_wrapper\">\n<div class=\"page_content_wrapper\">\n<div class=\"inner\">\n<div style=\"margin:auto;width:100%\">\n<p>Il servizio fotografico di gravidanza \u00e8 uno di quei servizi che tutte le future mamme dovrebbero fare. L'energia e la bellezza che emanano le donne in questo bellissimo e indimenticabile periodo \u00e8 unica. La sessione va fatta tra la 30 e 34 settimana di gravidanza quando il pancione \u00e8 ben definito. L'appuntamento va perci\u00f2 fatto in anticipo per non perdere il periodo ideale.<\/p>\n<p>Il servizio pu\u00f2 essere effettuato in esterna o in studio. In location lo stile delle fotografie \u00e8 pi\u00f9 spontaneo e rilassato, in studio invece facciamo foto pi\u00f9 glamour che esaltano la forza e la bellezza della donna incinta. Sono anche sempre a disposizione per richieste speciali!<\/p>\n<p>Nelle foto solitamente partecipa anche il partner e altri eventuali membri della famiglia. Per la futura mamma ci sono a disposizione vari vestiti e accessori e nello studio c'\u00e8 una vasta scelta di sfondi.<\/p>\n<\/div>\n<\/div>\n<\/div>\n<\/div>\n<\/div>\n<div  class=\"one withsmallpadding ppb_content_half_bg withbg\" style=\"background-image:url(https:\/\/studiokofol.com\/wp-content\/uploads\/2025\/10\/Natasa-023.jpg);background-position: center center;padding:30px 0 30px 0;\" >\n<div class=\"standard_wrapper\">\n<div class=\"page_content_wrapper\">\n<div class=\"inner\">\n<div class=\"one_half_bg\" style=\"background:#ffffff;background:rgb(255,255,255,0.85);background:rgba(255,255,255,0.85);\">\n<h2 class=\"ppb_title\" style=\"\">Costo dei servizi<\/h2>\n<div class=\"page_header_sep left\" ><\/div>\n<p><strong>Fotografiranje v naravi\u00a0 \u2665\u00a0 200 \u20ac<\/strong><\/p>\n<p>\u2022 60 min di servizio in una location a scelta<br \/>\n\u2022 incluso un abito maternit\u00e0<br \/>\n\u2022 25 immagini elaborate<br \/>\n\u2022 fotografie aggiuntive: 10 \u20ac\/pz<\/p>\n<p><strong>Fotografiranje v studiu\u00a0 \u2665\u00a0 200 \u20ac<\/strong><\/p>\n<p>\u2022 60-90 min di servizio in studio<br \/>\n\u2022 vasta scelta di abiti e sfondi<br \/>\n\u2022 20 retu\u0161iranih fotografij<br \/>\n\u2022 fotografie aggiuntive: 10 \u20ac\/pz<\/p>\n<p><strong>Mini paket\u00a0 \u2665\u00a0 120 \u20ac<\/strong><br \/>\n\u2022 30 min fotografiranja v studiu ali na lokaciji<br \/>\n\u2022 10 obdelanih fotografij<br \/>\n\u2022 fotografie aggiuntive: 10 \u20ac\/pz<\/p>\n<p>\u00a0<\/p>\n<p><a class=\"button small\" style=\"background-color:#4ec380 !important;color:#ffffff !important;border:1px solid #4ec380 !important;\" onclick=\"window.open('https:\/\/StudioKofol.pixieset.com\/booking\/rezervacija-termina', '_self')\">Rezerviraj termin<\/a>\n<\/div>\n<\/div>\n<\/div>\n<\/div>\n<\/div>\n<div  class=\"one withsmallpadding ppb_text\" style=\"padding:0px 0 0px 0;\" >\n<div class=\"standard_wrapper\">\n<div class=\"page_content_wrapper\">\n<div class=\"inner\">\n<div style=\"margin:auto;width:100%\">\n<p style=\"text-align: center;\"><em>Servizio gravidanza in studio<\/em><\/p>\n<\/div>\n<\/div>\n<\/div>\n<\/div>\n<\/div>\n<div  class=\"one\">\n<div class=\"standard_wrapper\">\n<div id=\"1772212486749512989\" class=\"portfolio_filter_wrapper gallery three_cols contain\" data-columns=\"3\">\n<div class=\"element grid  classic3_cols\">\n<div class=\"one_third gallery3 static filterable gallery_type animated1\"><a class=\"fancy-gallery\" href=\"https:\/\/studiokofol.com\/wp-content\/uploads\/2021\/11\/IMG_0197.jpg\" ><img decoding=\"async\" src=\"https:\/\/studiokofol.com\/wp-content\/uploads\/2021\/11\/IMG_0197-705x1057.jpg\" alt=\"\"\/><\/a><\/div>\n<\/div>\n<div class=\"element grid  classic3_cols\">\n<div class=\"one_third gallery3 static filterable gallery_type animated2\"><a class=\"fancy-gallery\" href=\"https:\/\/studiokofol.com\/wp-content\/uploads\/2022\/09\/IMG_3134.jpg\" ><img decoding=\"async\" src=\"https:\/\/studiokofol.com\/wp-content\/uploads\/2022\/09\/IMG_3134-705x1058.jpg\" alt=\"\"\/><\/a><\/div>\n<\/div>\n<div class=\"element grid  classic3_cols\">\n<div class=\"one_third gallery3 static filterable gallery_type animated3\"><a class=\"fancy-gallery\" href=\"https:\/\/studiokofol.com\/wp-content\/uploads\/2022\/09\/IMG_0062.jpg\" ><img decoding=\"async\" src=\"https:\/\/studiokofol.com\/wp-content\/uploads\/2022\/09\/IMG_0062-705x1058.jpg\" alt=\"\"\/><\/a><\/div>\n<\/div>\n<div class=\"element grid  classic3_cols\">\n<div class=\"one_third gallery3 static filterable gallery_type animated4\"><a class=\"fancy-gallery\" href=\"https:\/\/studiokofol.com\/wp-content\/uploads\/2021\/11\/IMG_1503.jpg\" ><img decoding=\"async\" src=\"https:\/\/studiokofol.com\/wp-content\/uploads\/2021\/11\/IMG_1503-705x881.jpg\" alt=\"\"\/><\/a><\/div>\n<\/div>\n<div class=\"element grid  classic3_cols\">\n<div class=\"one_third gallery3 static filterable gallery_type animated5\"><a class=\"fancy-gallery\" href=\"https:\/\/studiokofol.com\/wp-content\/uploads\/2021\/11\/IMG_1430.jpg\" ><img decoding=\"async\" src=\"https:\/\/studiokofol.com\/wp-content\/uploads\/2021\/11\/IMG_1430-705x1058.jpg\" alt=\"\"\/><\/a><\/div>\n<\/div>\n<div class=\"element grid  classic3_cols\">\n<div class=\"one_third gallery3 static filterable gallery_type animated6\"><a class=\"fancy-gallery\" href=\"https:\/\/studiokofol.com\/wp-content\/uploads\/2021\/11\/IMG_1461.jpg\" ><img decoding=\"async\" src=\"https:\/\/studiokofol.com\/wp-content\/uploads\/2021\/11\/IMG_1461-705x1058.jpg\" alt=\"\"\/><\/a><\/div>\n<\/div>\n<div class=\"element grid  classic3_cols\">\n<div class=\"one_third gallery3 static filterable gallery_type animated7\"><a class=\"fancy-gallery\" href=\"https:\/\/studiokofol.com\/wp-content\/uploads\/2021\/11\/IMG_1409.jpg\" ><img decoding=\"async\" src=\"https:\/\/studiokofol.com\/wp-content\/uploads\/2021\/11\/IMG_1409-705x1058.jpg\" alt=\"\"\/><\/a><\/div>\n<\/div>\n<div class=\"element grid  classic3_cols\">\n<div class=\"one_third gallery3 static filterable gallery_type animated8\"><a class=\"fancy-gallery\" href=\"https:\/\/studiokofol.com\/wp-content\/uploads\/2021\/11\/IMG_0219.jpg\" ><img decoding=\"async\" src=\"https:\/\/studiokofol.com\/wp-content\/uploads\/2021\/11\/IMG_0219-705x1058.jpg\" alt=\"\"\/><\/a><\/div>\n<\/div>\n<div class=\"element grid  classic3_cols\">\n<div class=\"one_third gallery3 static filterable gallery_type animated9\"><a class=\"fancy-gallery\" href=\"https:\/\/studiokofol.com\/wp-content\/uploads\/2021\/11\/Jerneja-021.jpg\" ><img decoding=\"async\" src=\"https:\/\/studiokofol.com\/wp-content\/uploads\/2021\/11\/Jerneja-021-705x1057.jpg\" alt=\"\"\/><\/a><\/div>\n<\/div>\n<div class=\"element grid  classic3_cols\">\n<div class=\"one_third gallery3 static filterable gallery_type animated10\"><a class=\"fancy-gallery\" href=\"https:\/\/studiokofol.com\/wp-content\/uploads\/2021\/11\/Jerneja-026.jpg\" ><img decoding=\"async\" src=\"https:\/\/studiokofol.com\/wp-content\/uploads\/2021\/11\/Jerneja-026-705x1058.jpg\" alt=\"\"\/><\/a><\/div>\n<\/div>\n<div class=\"element grid  classic3_cols\">\n<div class=\"one_third gallery3 static filterable gallery_type animated11\"><a class=\"fancy-gallery\" href=\"https:\/\/studiokofol.com\/wp-content\/uploads\/2021\/11\/Sara-012.jpg\" ><img decoding=\"async\" src=\"https:\/\/studiokofol.com\/wp-content\/uploads\/2021\/11\/Sara-012-705x1058.jpg\" alt=\"\"\/><\/a><\/div>\n<\/div>\n<div class=\"element grid  classic3_cols\">\n<div class=\"one_third gallery3 static filterable gallery_type animated12\"><a class=\"fancy-gallery\" href=\"https:\/\/studiokofol.com\/wp-content\/uploads\/2021\/11\/Sara-007-cb-scaled.jpg\" ><img decoding=\"async\" src=\"https:\/\/studiokofol.com\/wp-content\/uploads\/2021\/11\/Sara-007-cb-705x1058.jpg\" alt=\"\"\/><\/a><\/div>\n<\/div>\n<div class=\"element grid  classic3_cols\">\n<div class=\"one_third gallery3 static filterable gallery_type animated13\"><a class=\"fancy-gallery\" href=\"https:\/\/studiokofol.com\/wp-content\/uploads\/2021\/11\/Sara-019-cb-scaled.jpg\" ><img decoding=\"async\" src=\"https:\/\/studiokofol.com\/wp-content\/uploads\/2021\/11\/Sara-019-cb-705x1058.jpg\" alt=\"\"\/><\/a><\/div>\n<\/div>\n<div class=\"element grid  classic3_cols\">\n<div class=\"one_third gallery3 static filterable gallery_type animated14\"><a class=\"fancy-gallery\" href=\"https:\/\/studiokofol.com\/wp-content\/uploads\/2021\/11\/Sara-025-scaled.jpg\" ><img decoding=\"async\" src=\"https:\/\/studiokofol.com\/wp-content\/uploads\/2021\/11\/Sara-025-705x1058.jpg\" alt=\"\"\/><\/a><\/div>\n<\/div>\n<div class=\"element grid  classic3_cols\">\n<div class=\"one_third gallery3 static filterable gallery_type animated15\"><a class=\"fancy-gallery\" href=\"https:\/\/studiokofol.com\/wp-content\/uploads\/2021\/11\/Sara-002-scaled.jpg\" ><img decoding=\"async\" src=\"https:\/\/studiokofol.com\/wp-content\/uploads\/2021\/11\/Sara-002-705x1058.jpg\" alt=\"\"\/><\/a><\/div>\n<\/div>\n<div class=\"element grid  classic3_cols\">\n<div class=\"one_third gallery3 static filterable gallery_type animated16\"><a class=\"fancy-gallery\" href=\"https:\/\/studiokofol.com\/wp-content\/uploads\/2021\/11\/Natasa-017-scaled.jpg\" ><img decoding=\"async\" src=\"https:\/\/studiokofol.com\/wp-content\/uploads\/2021\/11\/Natasa-017-705x1058.jpg\" alt=\"\"\/><\/a><\/div>\n<\/div>\n<div class=\"element grid  classic3_cols\">\n<div class=\"one_third gallery3 static filterable gallery_type animated17\"><a class=\"fancy-gallery\" href=\"https:\/\/studiokofol.com\/wp-content\/uploads\/2021\/11\/Natasa-024.jpg\" ><img decoding=\"async\" src=\"https:\/\/studiokofol.com\/wp-content\/uploads\/2021\/11\/Natasa-024-705x470.jpg\" alt=\"\"\/><\/a><\/div>\n<\/div>\n<\/div>\n<\/div>\n<\/div>\n<div  class=\"one withsmallpadding ppb_text\" style=\"padding:0px 0 0px 0;\" >\n<div class=\"standard_wrapper\">\n<div class=\"page_content_wrapper\">\n<div class=\"inner\">\n<div style=\"margin:auto;width:100%\">\n<p style=\"text-align: center;\"><em>Servizio gravidanza all'aperto<\/em><\/p>\n<\/div>\n<\/div>\n<\/div>\n<\/div>\n<\/div>\n<div  class=\"one\">\n<div class=\"standard_wrapper\">\n<div id=\"1772212486141037061\" class=\"portfolio_filter_wrapper gallery three_cols contain\" data-columns=\"3\">\n<div class=\"element grid  classic3_cols\">\n<div class=\"one_third gallery3 static filterable gallery_type animated1\"><a class=\"fancy-gallery\" href=\"https:\/\/studiokofol.com\/wp-content\/uploads\/2021\/11\/Martina-006-scaled.jpg\" ><img decoding=\"async\" src=\"https:\/\/studiokofol.com\/wp-content\/uploads\/2021\/11\/Martina-006-705x1058.jpg\" alt=\"\"\/><\/a><\/div>\n<\/div>\n<div class=\"element grid  classic3_cols\">\n<div class=\"one_third gallery3 static filterable gallery_type animated2\"><a class=\"fancy-gallery\" href=\"https:\/\/studiokofol.com\/wp-content\/uploads\/2021\/11\/Martina-015-scaled.jpg\" ><img decoding=\"async\" src=\"https:\/\/studiokofol.com\/wp-content\/uploads\/2021\/11\/Martina-015-705x1058.jpg\" alt=\"\"\/><\/a><\/div>\n<\/div>\n<div class=\"element grid  classic3_cols\">\n<div class=\"one_third gallery3 static filterable gallery_type animated3\"><a class=\"fancy-gallery\" href=\"https:\/\/studiokofol.com\/wp-content\/uploads\/2021\/11\/Martina-010-scaled.jpg\" ><img decoding=\"async\" src=\"https:\/\/studiokofol.com\/wp-content\/uploads\/2021\/11\/Martina-010-705x1058.jpg\" alt=\"\"\/><\/a><\/div>\n<\/div>\n<div class=\"element grid  classic3_cols\">\n<div class=\"one_third gallery3 static filterable gallery_type animated4\"><a class=\"fancy-gallery\" href=\"https:\/\/studiokofol.com\/wp-content\/uploads\/2021\/11\/Spela_011.jpg\" ><img decoding=\"async\" src=\"https:\/\/studiokofol.com\/wp-content\/uploads\/2021\/11\/Spela_011-705x1058.jpg\" alt=\"\"\/><\/a><\/div>\n<\/div>\n<div class=\"element grid  classic3_cols\">\n<div class=\"one_third gallery3 static filterable gallery_type animated5\"><a class=\"fancy-gallery\" href=\"https:\/\/studiokofol.com\/wp-content\/uploads\/2021\/11\/Spela_019.jpg\" ><img decoding=\"async\" src=\"https:\/\/studiokofol.com\/wp-content\/uploads\/2021\/11\/Spela_019-705x1058.jpg\" alt=\"\"\/><\/a><\/div>\n<\/div>\n<div class=\"element grid  classic3_cols\">\n<div class=\"one_third gallery3 static filterable gallery_type animated6\"><a class=\"fancy-gallery\" href=\"https:\/\/studiokofol.com\/wp-content\/uploads\/2021\/11\/Spela_004.jpg\" ><img decoding=\"async\" src=\"https:\/\/studiokofol.com\/wp-content\/uploads\/2021\/11\/Spela_004-705x1058.jpg\" alt=\"\"\/><\/a><\/div>\n<\/div>\n<div class=\"element grid  classic3_cols\">\n<div class=\"one_third gallery3 static filterable gallery_type animated7\"><a class=\"fancy-gallery\" href=\"https:\/\/studiokofol.com\/wp-content\/uploads\/2021\/11\/Spela_023.jpg\" ><img decoding=\"async\" src=\"https:\/\/studiokofol.com\/wp-content\/uploads\/2021\/11\/Spela_023-705x1058.jpg\" alt=\"\"\/><\/a><\/div>\n<\/div>\n<div class=\"element grid  classic3_cols\">\n<div class=\"one_third gallery3 static filterable gallery_type animated8\"><a class=\"fancy-gallery\" href=\"https:\/\/studiokofol.com\/wp-content\/uploads\/2021\/11\/Katarina-020.jpg\" ><img decoding=\"async\" src=\"https:\/\/studiokofol.com\/wp-content\/uploads\/2021\/11\/Katarina-020-705x1058.jpg\" alt=\"\"\/><\/a><\/div>\n<\/div>\n<div class=\"element grid  classic3_cols\">\n<div class=\"one_third gallery3 static filterable gallery_type animated9\"><a class=\"fancy-gallery\" href=\"https:\/\/studiokofol.com\/wp-content\/uploads\/2021\/11\/pregnancy-012.jpg\" ><img decoding=\"async\" src=\"https:\/\/studiokofol.com\/wp-content\/uploads\/2021\/11\/pregnancy-012-705x1058.jpg\" alt=\"\"\/><\/a><\/div>\n<\/div>\n<div class=\"element grid  classic3_cols\">\n<div class=\"one_third gallery3 static filterable gallery_type animated10\"><a class=\"fancy-gallery\" href=\"https:\/\/studiokofol.com\/wp-content\/uploads\/2021\/11\/pregnancy-032.jpg\" ><img decoding=\"async\" src=\"https:\/\/studiokofol.com\/wp-content\/uploads\/2021\/11\/pregnancy-032-705x1058.jpg\" alt=\"\"\/><\/a><\/div>\n<\/div>\n<div class=\"element grid  classic3_cols\">\n<div class=\"one_third gallery3 static filterable gallery_type animated11\"><a class=\"fancy-gallery\" href=\"https:\/\/studiokofol.com\/wp-content\/uploads\/2021\/11\/pregnancy-027.jpg\" ><img decoding=\"async\" src=\"https:\/\/studiokofol.com\/wp-content\/uploads\/2021\/11\/pregnancy-027-705x470.jpg\" alt=\"\"\/><\/a><\/div>\n<\/div>\n<div class=\"element grid  classic3_cols\">\n<div class=\"one_third gallery3 static filterable gallery_type animated12\"><a class=\"fancy-gallery\" href=\"https:\/\/studiokofol.com\/wp-content\/uploads\/2021\/11\/pregnancy-046.jpg\" ><img decoding=\"async\" src=\"https:\/\/studiokofol.com\/wp-content\/uploads\/2021\/11\/pregnancy-046-705x470.jpg\" alt=\"\"\/><\/a><\/div>\n<\/div>\n<div class=\"element grid  classic3_cols\">\n<div class=\"one_third gallery3 static filterable gallery_type animated13\"><a class=\"fancy-gallery\" href=\"https:\/\/studiokofol.com\/wp-content\/uploads\/2021\/11\/pregnancy-044.jpg\" ><img decoding=\"async\" src=\"https:\/\/studiokofol.com\/wp-content\/uploads\/2021\/11\/pregnancy-044-705x1058.jpg\" alt=\"\"\/><\/a><\/div>\n<\/div>\n<div class=\"element grid  classic3_cols\">\n<div class=\"one_third gallery3 static filterable gallery_type animated14\"><a class=\"fancy-gallery\" href=\"https:\/\/studiokofol.com\/wp-content\/uploads\/2021\/11\/pregnancy-033.jpg\" ><img decoding=\"async\" src=\"https:\/\/studiokofol.com\/wp-content\/uploads\/2021\/11\/pregnancy-033-705x1058.jpg\" alt=\"\"\/><\/a><\/div>\n<\/div>\n<div class=\"element grid  classic3_cols\">\n<div class=\"one_third gallery3 static filterable gallery_type animated15\"><a class=\"fancy-gallery\" href=\"https:\/\/studiokofol.com\/wp-content\/uploads\/2021\/11\/Jessica-025.jpg\" ><img decoding=\"async\" src=\"https:\/\/studiokofol.com\/wp-content\/uploads\/2021\/11\/Jessica-025-705x470.jpg\" alt=\"\"\/><\/a><\/div>\n<\/div>\n<div class=\"element grid  classic3_cols\">\n<div class=\"one_third gallery3 static filterable gallery_type animated16\"><a class=\"fancy-gallery\" href=\"https:\/\/studiokofol.com\/wp-content\/uploads\/2021\/11\/Jessica-018.jpg\" ><img decoding=\"async\" src=\"https:\/\/studiokofol.com\/wp-content\/uploads\/2021\/11\/Jessica-018-705x470.jpg\" alt=\"\"\/><\/a><\/div>\n<\/div>\n<\/div>\n<\/div>\n<\/div>","protected":false},"excerpt":{"rendered":"<p>Nose\u010dni\u0161ko fotografiranje Nose\u010dni\u0161ko fotografiranje priporo\u010dam vsem bodo\u010dim mamicam. Nose\u010dnice iz\u017earevajo edinstveno energijo in lepoto, poleg tega pa so spomini na to posebno obdobje neprecenljivi. Fotografiranje se opravi, ko je trebu\u0161\u010dek \u017ee lepo viden in najbolj pomembno, ko se nose\u010dnica dobro [&hellip;]<\/p>\n","protected":false},"author":1,"featured_media":0,"parent":0,"menu_order":0,"comment_status":"closed","ping_status":"closed","template":"","meta":{"om_disable_all_campaigns":false,"_monsterinsights_skip_tracking":false,"_monsterinsights_sitenote_active":false,"_monsterinsights_sitenote_note":"","_monsterinsights_sitenote_category":0,"footnotes":""},"class_list":["post-195","page","type-page","status-publish","hentry"],"aioseo_notices":[],"_links":{"self":[{"href":"https:\/\/studiokofol.com\/it\/wp-json\/wp\/v2\/pages\/195","targetHints":{"allow":["GET"]}}],"collection":[{"href":"https:\/\/studiokofol.com\/it\/wp-json\/wp\/v2\/pages"}],"about":[{"href":"https:\/\/studiokofol.com\/it\/wp-json\/wp\/v2\/types\/page"}],"author":[{"embeddable":true,"href":"https:\/\/studiokofol.com\/it\/wp-json\/wp\/v2\/users\/1"}],"replies":[{"embeddable":true,"href":"https:\/\/studiokofol.com\/it\/wp-json\/wp\/v2\/comments?post=195"}],"version-history":[{"count":252,"href":"https:\/\/studiokofol.com\/it\/wp-json\/wp\/v2\/pages\/195\/revisions"}],"predecessor-version":[{"id":2977,"href":"https:\/\/studiokofol.com\/it\/wp-json\/wp\/v2\/pages\/195\/revisions\/2977"}],"wp:attachment":[{"href":"https:\/\/studiokofol.com\/it\/wp-json\/wp\/v2\/media?parent=195"}],"curies":[{"name":"wp","href":"https:\/\/api.w.org\/{rel}","templated":true}]}}