{"id":2509,"date":"2023-01-15T23:01:41","date_gmt":"2023-01-15T21:01:41","guid":{"rendered":"https:\/\/studiokofol.com\/?page_id=2509"},"modified":"2026-04-08T16:45:49","modified_gmt":"2026-04-08T14:45:49","slug":"komercialna-fotografija","status":"publish","type":"page","link":"https:\/\/studiokofol.com\/it\/komercialna-fotografija\/","title":{"rendered":"Komercialna fotografija"},"content":{"rendered":"<div  class=\"one withsmallpadding ppb_header\" style=\"text-align:center;padding:30px 0 30px 0;\" >\n<div class=\"standard_wrapper\">\n<div class=\"page_content_wrapper\">\n<div class=\"inner\">\n<div style=\"margin:auto;width:100%\">\n<h2 class=\"ppb_title\" style=\"\">Komercialna fotografija<\/h2>\n<div class=\"page_header_sep center\"><\/div>\n<\/p>\n<p style=\"text-align: center;\">Poleg dru\u017einske in poro\u010dne fotografije nudim tudi fotografiranje za komercialne namene kar vklju\u010duje fotografiranje izdelkov, fotografiranje nepremi\u010dnin, poslovne portrete in podobno. Za ponudbo me <a href=\"https:\/\/studiokofol.com\/it\/kontakt\/\">Contattatemi per un preventivo<\/a>.<\/p>\n<\/div>\n<\/div>\n<\/div>\n<\/div>\n<\/div>\n<div  class=\"ppb_portfolio one nopadding\" >\n<div class=\"page_content_wrapper\">\n<div class=\"standard_wrapper\">\n<div id=\"1775659549671401073\" class=\"portfolio_filter_wrapper gallery portfolio-content section content clearfix three_cols contain\">\n<div class=\"element classic3_cols\">\n<div class=\"one_third gallery3 filterable static animated1 portfolio_type\"><a href=\"https:\/\/studiokofol.com\/it\/komercialna-fotografija\/fotografiranje-izdelkov\/\"><img decoding=\"async\" src=\"https:\/\/studiokofol.com\/wp-content\/uploads\/2023\/01\/thumn-705x529.jpg\" alt=\"Fotografiranje izdelkov\"\/><\/p>\n<div id=\"portfolio_desc_2518\" class=\"portfolio_title\">\n<div class=\"table\">\n<div class=\"cell\">\n<h5>Fotografiranje izdelkov<\/h5>\n<div class=\"post_detail\"><\/div>\n<\/p><\/div>\n<\/p><\/div>\n<\/p><\/div>\n<p><\/a><\/div>\n<\/div>\n<div class=\"element classic3_cols\">\n<div class=\"one_third gallery3 filterable static animated2 portfolio_type\"><a href=\"https:\/\/studiokofol.com\/it\/komercialna-fotografija\/fotografiranje-nepremicnin\/\"><img decoding=\"async\" src=\"https:\/\/studiokofol.com\/wp-content\/uploads\/2023\/01\/Casa-Mazuli-020_web-e1673819192738-705x529.jpg\" alt=\"Fotografiranje nepremi\u010dnin\"\/><\/p>\n<div id=\"portfolio_desc_2575\" class=\"portfolio_title\">\n<div class=\"table\">\n<div class=\"cell\">\n<h5>Fotografiranje nepremi\u010dnin<\/h5>\n<div class=\"post_detail\"><\/div>\n<\/p><\/div>\n<\/p><\/div>\n<\/p><\/div>\n<p><\/a><\/div>\n<\/div>\n<div class=\"element classic3_cols\">\n<div class=\"one_third gallery3 filterable static animated3 portfolio_type\"><a href=\"https:\/\/studiokofol.com\/it\/komercialna-fotografija\/poslovni-portret\/\"><img decoding=\"async\" src=\"https:\/\/studiokofol.com\/wp-content\/uploads\/2026\/01\/Tinkara-Kovac-001-705x529.jpg\" alt=\"Poslovno in promocijsko fotografiranje\"\/><\/p>\n<div id=\"portfolio_desc_2632\" class=\"portfolio_title\">\n<div class=\"table\">\n<div class=\"cell\">\n<h5>Poslovno in promocijsko fotografiranje<\/h5>\n<div class=\"post_detail\"><\/div>\n<\/p><\/div>\n<\/p><\/div>\n<\/p><\/div>\n<p><\/a><\/div>\n<\/div>\n<\/div>\n<\/div>\n<\/div>\n<\/div>","protected":false},"excerpt":{"rendered":"<p>Komercialna fotografija Poleg dru\u017einske in poro\u010dne fotografije nudim tudi fotografiranje za komercialne namene kar vklju\u010duje fotografiranje izdelkov, fotografiranje nepremi\u010dnin, poslovne portrete in podobno. Za ponudbo me kontaktirajte. Fotografiranje izdelkov Fotografiranje nepremi\u010dnin Poslovno in promocijsko fotografiranje<\/p>","protected":false},"author":1,"featured_media":0,"parent":0,"menu_order":0,"comment_status":"closed","ping_status":"closed","template":"","meta":{"om_disable_all_campaigns":false,"_monsterinsights_skip_tracking":false,"_monsterinsights_sitenote_active":false,"_monsterinsights_sitenote_note":"","_monsterinsights_sitenote_category":0,"footnotes":""},"class_list":["post-2509","page","type-page","status-publish","hentry"],"aioseo_notices":[],"_links":{"self":[{"href":"https:\/\/studiokofol.com\/it\/wp-json\/wp\/v2\/pages\/2509","targetHints":{"allow":["GET"]}}],"collection":[{"href":"https:\/\/studiokofol.com\/it\/wp-json\/wp\/v2\/pages"}],"about":[{"href":"https:\/\/studiokofol.com\/it\/wp-json\/wp\/v2\/types\/page"}],"author":[{"embeddable":true,"href":"https:\/\/studiokofol.com\/it\/wp-json\/wp\/v2\/users\/1"}],"replies":[{"embeddable":true,"href":"https:\/\/studiokofol.com\/it\/wp-json\/wp\/v2\/comments?post=2509"}],"version-history":[{"count":66,"href":"https:\/\/studiokofol.com\/it\/wp-json\/wp\/v2\/pages\/2509\/revisions"}],"predecessor-version":[{"id":3010,"href":"https:\/\/studiokofol.com\/it\/wp-json\/wp\/v2\/pages\/2509\/revisions\/3010"}],"wp:attachment":[{"href":"https:\/\/studiokofol.com\/it\/wp-json\/wp\/v2\/media?parent=2509"}],"curies":[{"name":"wp","href":"https:\/\/api.w.org\/{rel}","templated":true}]}}