{"id":372,"date":"2021-11-19T17:30:20","date_gmt":"2021-11-19T15:30:20","guid":{"rendered":"https:\/\/studiokofol.com\/?page_id=372"},"modified":"2026-03-19T13:30:04","modified_gmt":"2026-03-19T11:30:04","slug":"cake-smash","status":"publish","type":"page","link":"https:\/\/studiokofol.com\/it\/cake-smash\/","title":{"rendered":"Cake smash"},"content":{"rendered":"<div  class=\"one withsmallpadding ppb_header\" style=\"text-align:center;padding:15px 0 15px 0;\" >\n<div class=\"standard_wrapper\">\n<div class=\"page_content_wrapper\">\n<div class=\"inner\">\n<div style=\"margin:auto;width:100%\">\n<h2 class=\"ppb_title\" style=\"\">Cake smash<\/h2>\n<div class=\"page_header_sep center\"><\/div>\n<\/p>\n<p style=\"text-align: center;\"><span style=\"color: #000000;\">Cake smash fotografiranje je zabavno ovekove\u010denje otrokovega (prvega) rojstnega dne. Fotografira se v studiu kjer pripravim rojstnodnevno ozadje. Otrok se zabava ob oku\u0161anju tortice z rokami in se pri tem svobodno popacka.<\/span><\/p>\n<\/div>\n<\/div>\n<\/div>\n<\/div>\n<\/div>\n<div  class=\"one withsmallpadding ppb_text\" style=\"padding:5px 0 5px 0;\" >\n<div class=\"standard_wrapper\">\n<div class=\"page_content_wrapper\">\n<div class=\"inner\">\n<div style=\"margin:auto;width:100%\">\n<p style=\"text-align: justify;\"><span style=\"color: #000000;\">Na voljo so ozadja v razli\u010dnih barvah in vzorcih kjer dodam dekoracijo &#8211; balone, ro\u017ee, zastavice&#8230; Sceno pripravim glede na va\u0161e \u017eelje. Vklju\u010dena je enostavna t<\/span><span style=\"color: #000000;\">ortica, ki je barvno usklajena z ozadjem oziroma temo. Prav tako so na voljo obla\u010dila in rekviziti: kratke hla\u010de oz. krila, naramnice, naglavni obro\u010di in ma\u0161nice&#8230;<\/span><\/p>\n<\/div>\n<\/div>\n<\/div>\n<\/div>\n<\/div>\n<div  class=\"one withsmallpadding ppb_content_half_bg withbg\" style=\"background-image:url(https:\/\/studiokofol.com\/wp-content\/uploads\/2025\/10\/Lan-021-copy.jpg);background-position: center top;padding:30px 0 30px 0;\" >\n<div class=\"standard_wrapper\">\n<div class=\"page_content_wrapper\">\n<div class=\"inner\">\n<div class=\"one_half_bg\" style=\"background:#ffffff;background:rgb(255,255,255,0.85);background:rgba(255,255,255,0.85);\">\n<h2 class=\"ppb_title\" style=\"\">Costo dei servizi<\/h2>\n<div class=\"page_header_sep left\" ><\/div>\n<p>Cake smash \u2665\u00a0 200 \u20ac<\/p>\n<p>\u2022 45-60 minuti di servizio in studio<br \/>\n\u2022 sfondo decorato a tema compleanno<br \/>\n\u2022 torta &amp; outfit<br \/>\n\u2022 incluse foto con i genitori\/fratelli<br \/>\n\u2022 20 obdelanih fotografij<br \/>\n\u2022 fotografie aggiuntive: 10 \u20ac\/pz<\/p>\n<p><a class=\"button small\" style=\"background-color:#4ec380 !important;color:#ffffff !important;border:1px solid #4ec380 !important;\" onclick=\"window.open('https:\/\/StudioKofol.pixieset.com\/booking\/rezervacija-termina', '_self')\">Rezerviraj termin<\/a>\n<\/div>\n<\/div>\n<\/div>\n<\/div>\n<\/div>\n<div class=\"divider one\">&nbsp;<\/div>\n<div  class=\"one\">\n<div class=\"standard_wrapper\">\n<div id=\"1773919804674862931\" class=\"portfolio_filter_wrapper gallery three_cols contain\" data-columns=\"3\">\n<div class=\"element grid  classic3_cols\">\n<div class=\"one_third gallery3 static filterable gallery_type animated1\"><a class=\"fancy-gallery\" href=\"https:\/\/studiokofol.com\/wp-content\/uploads\/2021\/11\/lion-king-cake-smash-web.jpg\" ><img decoding=\"async\" src=\"https:\/\/studiokofol.com\/wp-content\/uploads\/2021\/11\/lion-king-cake-smash-web-705x564.jpg\" alt=\"\"\/><\/a><\/div>\n<\/div>\n<div class=\"element grid  classic3_cols\">\n<div class=\"one_third gallery3 static filterable gallery_type animated2\"><a class=\"fancy-gallery\" href=\"https:\/\/studiokofol.com\/wp-content\/uploads\/2022\/10\/unicorn1-e1664971114172.jpg\" ><img decoding=\"async\" src=\"https:\/\/studiokofol.com\/wp-content\/uploads\/2022\/10\/unicorn1-e1664971114172-705x705.jpg\" alt=\"\"\/><\/a><\/div>\n<\/div>\n<div class=\"element grid  classic3_cols\">\n<div class=\"one_third gallery3 static filterable gallery_type animated3\"><a class=\"fancy-gallery\" href=\"https:\/\/studiokofol.com\/wp-content\/uploads\/2022\/10\/turkizno-2-4-5-scaled-e1665068191591.jpg\" ><img decoding=\"async\" src=\"https:\/\/studiokofol.com\/wp-content\/uploads\/2022\/10\/turkizno-2-4-5-scaled-e1665068191591-705x705.jpg\" alt=\"\"\/><\/a><\/div>\n<\/div>\n<div class=\"element grid  classic3_cols\">\n<div class=\"one_third gallery3 static filterable gallery_type animated4\"><a class=\"fancy-gallery\" href=\"https:\/\/studiokofol.com\/wp-content\/uploads\/2022\/10\/modra-one-square.jpg\" ><img decoding=\"async\" src=\"https:\/\/studiokofol.com\/wp-content\/uploads\/2022\/10\/modra-one-square-705x705.jpg\" alt=\"\"\/><\/a><\/div>\n<\/div>\n<div class=\"element grid  classic3_cols\">\n<div class=\"one_third gallery3 static filterable gallery_type animated5\"><a class=\"fancy-gallery\" href=\"https:\/\/studiokofol.com\/wp-content\/uploads\/2022\/01\/ELEA-cakesmash-029-webz.jpg\" ><img decoding=\"async\" src=\"https:\/\/studiokofol.com\/wp-content\/uploads\/2022\/01\/ELEA-cakesmash-029-webz-705x470.jpg\" alt=\"\"\/><\/a><\/div>\n<\/div>\n<div class=\"element grid  classic3_cols\">\n<div class=\"one_third gallery3 static filterable gallery_type animated6\"><a class=\"fancy-gallery\" href=\"https:\/\/studiokofol.com\/wp-content\/uploads\/2021\/11\/BMG_2438.jpg\" ><img decoding=\"async\" src=\"https:\/\/studiokofol.com\/wp-content\/uploads\/2021\/11\/BMG_2438-705x1058.jpg\" alt=\"\"\/><\/a><\/div>\n<\/div>\n<div class=\"element grid  classic3_cols\">\n<div class=\"one_third gallery3 static filterable gallery_type animated7\"><a class=\"fancy-gallery\" href=\"https:\/\/studiokofol.com\/wp-content\/uploads\/2021\/11\/BMG_2526.jpg\" ><img decoding=\"async\" src=\"https:\/\/studiokofol.com\/wp-content\/uploads\/2021\/11\/BMG_2526-705x470.jpg\" alt=\"\"\/><\/a><\/div>\n<\/div>\n<div class=\"element grid  classic3_cols\">\n<div class=\"one_third gallery3 static filterable gallery_type animated8\"><a class=\"fancy-gallery\" href=\"https:\/\/studiokofol.com\/wp-content\/uploads\/2022\/01\/Rija-cake-smash-019.jpg\" ><img decoding=\"async\" src=\"https:\/\/studiokofol.com\/wp-content\/uploads\/2022\/01\/Rija-cake-smash-019-705x529.jpg\" alt=\"\"\/><\/a><\/div>\n<\/div>\n<div class=\"element grid  classic3_cols\">\n<div class=\"one_third gallery3 static filterable gallery_type animated9\"><a class=\"fancy-gallery\" href=\"https:\/\/studiokofol.com\/wp-content\/uploads\/2022\/01\/Rija-cake-smash-017.jpg\" ><img decoding=\"async\" src=\"https:\/\/studiokofol.com\/wp-content\/uploads\/2022\/01\/Rija-cake-smash-017-705x529.jpg\" alt=\"\"\/><\/a><\/div>\n<\/div>\n<div class=\"element grid  classic3_cols\">\n<div class=\"one_third gallery3 static filterable gallery_type animated10\"><a class=\"fancy-gallery\" href=\"https:\/\/studiokofol.com\/wp-content\/uploads\/2022\/01\/Rija-cake-smash-011.jpg\" ><img decoding=\"async\" src=\"https:\/\/studiokofol.com\/wp-content\/uploads\/2022\/01\/Rija-cake-smash-011-705x529.jpg\" alt=\"\"\/><\/a><\/div>\n<\/div>\n<div class=\"element grid  classic3_cols\">\n<div class=\"one_third gallery3 static filterable gallery_type animated11\"><a class=\"fancy-gallery\" href=\"https:\/\/studiokofol.com\/wp-content\/uploads\/2021\/11\/Natalija-018.jpg\" ><img decoding=\"async\" src=\"https:\/\/studiokofol.com\/wp-content\/uploads\/2021\/11\/Natalija-018-705x881.jpg\" alt=\"\"\/><\/a><\/div>\n<\/div>\n<div class=\"element grid  classic3_cols\">\n<div class=\"one_third gallery3 static filterable gallery_type animated12\"><a class=\"fancy-gallery\" href=\"https:\/\/studiokofol.com\/wp-content\/uploads\/2021\/11\/Nicolecakesmash-029-web.webp\" ><img decoding=\"async\" src=\"https:\/\/studiokofol.com\/wp-content\/uploads\/2021\/11\/Nicolecakesmash-029-web-705x1058.webp\" alt=\"\"\/><\/a><\/div>\n<\/div>\n<div class=\"element grid  classic3_cols\">\n<div class=\"one_third gallery3 static filterable gallery_type animated13\"><a class=\"fancy-gallery\" href=\"https:\/\/studiokofol.com\/wp-content\/uploads\/2021\/11\/Oscar-cake-smash-018.jpg\" ><img decoding=\"async\" src=\"https:\/\/studiokofol.com\/wp-content\/uploads\/2021\/11\/Oscar-cake-smash-018-705x938.jpg\" alt=\"\"\/><\/a><\/div>\n<\/div>\n<div class=\"element grid  classic3_cols\">\n<div class=\"one_third gallery3 static filterable gallery_type animated14\"><a class=\"fancy-gallery\" href=\"https:\/\/studiokofol.com\/wp-content\/uploads\/2021\/11\/Cataleya-cake-smash-020-copy.jpg\" ><img decoding=\"async\" src=\"https:\/\/studiokofol.com\/wp-content\/uploads\/2021\/11\/Cataleya-cake-smash-020-copy-705x470.jpg\" alt=\"\"\/><\/a><\/div>\n<\/div>\n<div class=\"element grid  classic3_cols\">\n<div class=\"one_third gallery3 static filterable gallery_type animated15\"><a class=\"fancy-gallery\" href=\"https:\/\/studiokofol.com\/wp-content\/uploads\/2021\/11\/Lan-021.jpg\" ><img decoding=\"async\" src=\"https:\/\/studiokofol.com\/wp-content\/uploads\/2021\/11\/Lan-021-705x470.jpg\" alt=\"\"\/><\/a><\/div>\n<\/div>\n<div class=\"element grid  classic3_cols\">\n<div class=\"one_third gallery3 static filterable gallery_type animated16\"><a class=\"fancy-gallery\" href=\"https:\/\/studiokofol.com\/wp-content\/uploads\/2021\/11\/Maxim-016-web.webp\" ><img decoding=\"async\" src=\"https:\/\/studiokofol.com\/wp-content\/uploads\/2021\/11\/Maxim-016-web-705x470.webp\" alt=\"\"\/><\/a><\/div>\n<\/div>\n<div class=\"element grid  classic3_cols\">\n<div class=\"one_third gallery3 static filterable gallery_type animated17\"><a class=\"fancy-gallery\" href=\"https:\/\/studiokofol.com\/wp-content\/uploads\/2021\/11\/Maxim-021-web.webp\" ><img decoding=\"async\" src=\"https:\/\/studiokofol.com\/wp-content\/uploads\/2021\/11\/Maxim-021-web-705x1058.webp\" alt=\"\"\/><\/a><\/div>\n<\/div>\n<div class=\"element grid  classic3_cols\">\n<div class=\"one_third gallery3 static filterable gallery_type animated18\"><a class=\"fancy-gallery\" href=\"https:\/\/studiokofol.com\/wp-content\/uploads\/2021\/11\/cakesmash-025.jpg\" ><img decoding=\"async\" src=\"https:\/\/studiokofol.com\/wp-content\/uploads\/2021\/11\/cakesmash-025-705x470.jpg\" alt=\"\"\/><\/a><\/div>\n<\/div>\n<div class=\"element grid  classic3_cols\">\n<div class=\"one_third gallery3 static filterable gallery_type animated19\"><a class=\"fancy-gallery\" href=\"https:\/\/studiokofol.com\/wp-content\/uploads\/2021\/11\/cakesmash-022.jpg\" ><img decoding=\"async\" src=\"https:\/\/studiokofol.com\/wp-content\/uploads\/2021\/11\/cakesmash-022-705x1058.jpg\" alt=\"\"\/><\/a><\/div>\n<\/div>\n<\/div>\n<\/div>\n<\/div>","protected":false},"excerpt":{"rendered":"<p>Cake smash Cake smash fotografiranje je zabavno ovekove\u010denje otrokovega (prvega) rojstnega dne. Fotografira se v studiu kjer pripravim rojstnodnevno ozadje. Otrok se zabava ob oku\u0161anju tortice z rokami in se pri tem svobodno popacka. Na voljo so ozadja v razli\u010dnih [&hellip;]<\/p>\n","protected":false},"author":1,"featured_media":0,"parent":0,"menu_order":0,"comment_status":"closed","ping_status":"closed","template":"","meta":{"om_disable_all_campaigns":false,"_monsterinsights_skip_tracking":false,"_monsterinsights_sitenote_active":false,"_monsterinsights_sitenote_note":"","_monsterinsights_sitenote_category":0,"footnotes":""},"class_list":["post-372","page","type-page","status-publish","hentry"],"aioseo_notices":[],"_links":{"self":[{"href":"https:\/\/studiokofol.com\/it\/wp-json\/wp\/v2\/pages\/372","targetHints":{"allow":["GET"]}}],"collection":[{"href":"https:\/\/studiokofol.com\/it\/wp-json\/wp\/v2\/pages"}],"about":[{"href":"https:\/\/studiokofol.com\/it\/wp-json\/wp\/v2\/types\/page"}],"author":[{"embeddable":true,"href":"https:\/\/studiokofol.com\/it\/wp-json\/wp\/v2\/users\/1"}],"replies":[{"embeddable":true,"href":"https:\/\/studiokofol.com\/it\/wp-json\/wp\/v2\/comments?post=372"}],"version-history":[{"count":181,"href":"https:\/\/studiokofol.com\/it\/wp-json\/wp\/v2\/pages\/372\/revisions"}],"predecessor-version":[{"id":2984,"href":"https:\/\/studiokofol.com\/it\/wp-json\/wp\/v2\/pages\/372\/revisions\/2984"}],"wp:attachment":[{"href":"https:\/\/studiokofol.com\/it\/wp-json\/wp\/v2\/media?parent=372"}],"curies":[{"name":"wp","href":"https:\/\/api.w.org\/{rel}","templated":true}]}}