{"id":676,"date":"2022-01-10T17:18:56","date_gmt":"2022-01-10T15:18:56","guid":{"rendered":"https:\/\/studiokofol.com\/?page_id=676"},"modified":"2026-02-27T19:15:38","modified_gmt":"2026-02-27T17:15:38","slug":"fotografiranje-druzine","status":"publish","type":"page","link":"https:\/\/studiokofol.com\/it\/fotografiranje-druzine\/","title":{"rendered":"Fotografiranje dru\u017ein in otrok"},"content":{"rendered":"<div  class=\"one withsmallpadding ppb_header\" style=\"text-align:center;padding:10px 0 10px 0;\" >\n<div class=\"standard_wrapper\">\n<div class=\"page_content_wrapper\">\n<div class=\"inner\">\n<div style=\"margin:auto;width:100%\">\n<h2 class=\"ppb_title\" style=\"\">Fotografiranje dru\u017ein in otrok<\/h2>\n<div class=\"page_header_sep center\"><\/div>\n<\/p>\n<p style=\"text-align: justify;\">Un'aforismo dice che \"la famiglia \u00e8 dove la vita inizia e l'amore non finisce mai\". In famiglia si vivono innumerevoli avventure e momenti felici insieme ed \u00e8 importante ricordarli anche tramite le fotografie che rittraggono i membri famigliari nei vari periodi. I bambini crescono e con loro anche i genitori ma il vero legame famigliare e l'amore restano per sempre. Con i miei scatti potete custodire questi ricordi in modo spontaneo e genuino.<\/p>\n<p style=\"text-align: justify;\">Il servizio pu\u00f2 essere fatto in studio o in varie location. Sono benvenuti anche i membri della famiglia a quattro zampe.<\/p>\n<\/div>\n<\/div>\n<\/div>\n<\/div>\n<\/div>\n<div  class=\"one withsmallpadding ppb_content_half_bg withbg\" style=\"background-image:url(https:\/\/studiokofol.com\/wp-content\/uploads\/2022\/02\/family-010-banner.jpg);background-position: center top;padding:30px 0 30px 0;\" >\n<div class=\"standard_wrapper\">\n<div class=\"page_content_wrapper\">\n<div class=\"inner\">\n<div class=\"one_half_bg\" style=\"background:#ffffff;background:rgb(255,255,255,0.85);background:rgba(255,255,255,0.85);\">\n<h2 class=\"ppb_title\" style=\"\">Costo dei servizi<\/h2>\n<div class=\"page_header_sep left\" ><\/div>\n<p><strong>Fotografiranje v studiu ali v naravi \u2665 180 \u20ac<\/strong><\/p>\n<p>\u2022 45-60 min di servizio in studio o una location a scelta<br \/>\n\u2022 2 sfondi differenti (in studio)<br \/>\n\u2022 20 obdelanih fotografij (studio) ali 25 (narava)<br \/>\n\u2022 fotografie aggiuntive: 10 \u20ac\/pz<\/p>\n<p><strong>Mini paket\u00a0 \u2665\u00a0 120 \u20ac<\/strong><br \/>\n\u2022 30 min fotografiranja v studiu ali na lokaciji<br \/>\n\u2022 10 obdelanih fotografij<br \/>\n\u2022 fotografie aggiuntive: 10 \u20ac\/pz<\/p>\n<p>\u00a0<\/p>\n<p><a class=\"button small\" style=\"background-color:#4ec380 !important;color:#ffffff !important;border:1px solid #4ec380 !important;\" onclick=\"window.open('https:\/\/StudioKofol.pixieset.com\/booking\/rezervacija-termina', '_self')\">Rezerviraj termin<\/a>\n<\/div>\n<\/div>\n<\/div>\n<\/div>\n<\/div>\n<div class=\"divider one\">&nbsp;<\/div>\n<div  class=\"one\">\n<div class=\"standard_wrapper\">\n<div id=\"17722125381780302491\" class=\"portfolio_filter_wrapper gallery two_cols contain\" data-columns=\"2\">\n<div class=\"element grid  classic2_cols\">\n<div class=\"one_half gallery2 static filterable gallery_type animated1\"><a class=\"fancy-gallery\" href=\"https:\/\/studiokofol.com\/wp-content\/uploads\/2022\/01\/family-014.jpg\" ><img decoding=\"async\" src=\"https:\/\/studiokofol.com\/wp-content\/uploads\/2022\/01\/family-014-705x470.jpg\" alt=\"\"\/><\/a><\/div>\n<\/div>\n<div class=\"element grid  classic2_cols\">\n<div class=\"one_half gallery2 static filterable gallery_type animated2\"><a class=\"fancy-gallery\" href=\"https:\/\/studiokofol.com\/wp-content\/uploads\/2022\/01\/family-013.jpg\" ><img decoding=\"async\" src=\"https:\/\/studiokofol.com\/wp-content\/uploads\/2022\/01\/family-013-705x470.jpg\" alt=\"\"\/><\/a><\/div>\n<\/div>\n<div class=\"element grid  classic2_cols\">\n<div class=\"one_half gallery2 static filterable gallery_type animated3\"><a class=\"fancy-gallery\" href=\"https:\/\/studiokofol.com\/wp-content\/uploads\/2022\/01\/lavanda-004.jpg\" ><img decoding=\"async\" src=\"https:\/\/studiokofol.com\/wp-content\/uploads\/2022\/01\/lavanda-004-705x1058.jpg\" alt=\"\"\/><\/a><\/div>\n<\/div>\n<div class=\"element grid  classic2_cols\">\n<div class=\"one_half gallery2 static filterable gallery_type animated4\"><a class=\"fancy-gallery\" href=\"https:\/\/studiokofol.com\/wp-content\/uploads\/2022\/01\/lavanda-003.jpg\" ><img decoding=\"async\" src=\"https:\/\/studiokofol.com\/wp-content\/uploads\/2022\/01\/lavanda-003-705x470.jpg\" alt=\"\"\/><\/a><\/div>\n<\/div>\n<div class=\"element grid  classic2_cols\">\n<div class=\"one_half gallery2 static filterable gallery_type animated5\"><a class=\"fancy-gallery\" href=\"https:\/\/studiokofol.com\/wp-content\/uploads\/2022\/01\/lavanda-001.jpg\" ><img decoding=\"async\" src=\"https:\/\/studiokofol.com\/wp-content\/uploads\/2022\/01\/lavanda-001-705x470.jpg\" alt=\"\"\/><\/a><\/div>\n<\/div>\n<div class=\"element grid  classic2_cols\">\n<div class=\"one_half gallery2 static filterable gallery_type animated6\"><a class=\"fancy-gallery\" href=\"https:\/\/studiokofol.com\/wp-content\/uploads\/2022\/01\/Radetic-032.jpg\" ><img decoding=\"async\" src=\"https:\/\/studiokofol.com\/wp-content\/uploads\/2022\/01\/Radetic-032-705x470.jpg\" alt=\"\"\/><\/a><\/div>\n<\/div>\n<div class=\"element grid  classic2_cols\">\n<div class=\"one_half gallery2 static filterable gallery_type animated7\"><a class=\"fancy-gallery\" href=\"https:\/\/studiokofol.com\/wp-content\/uploads\/2022\/01\/Rija-cake-smash-002.jpg\" ><img decoding=\"async\" src=\"https:\/\/studiokofol.com\/wp-content\/uploads\/2022\/01\/Rija-cake-smash-002-705x529.jpg\" alt=\"\"\/><\/a><\/div>\n<\/div>\n<div class=\"element grid  classic2_cols\">\n<div class=\"one_half gallery2 static filterable gallery_type animated8\"><a class=\"fancy-gallery\" href=\"https:\/\/studiokofol.com\/wp-content\/uploads\/2022\/01\/family-005.jpg\" ><img decoding=\"async\" src=\"https:\/\/studiokofol.com\/wp-content\/uploads\/2022\/01\/family-005-705x1058.jpg\" alt=\"\"\/><\/a><\/div>\n<\/div>\n<div class=\"element grid  classic2_cols\">\n<div class=\"one_half gallery2 static filterable gallery_type animated9\"><a class=\"fancy-gallery\" href=\"https:\/\/studiokofol.com\/wp-content\/uploads\/2022\/01\/family-010.jpg\" ><img decoding=\"async\" src=\"https:\/\/studiokofol.com\/wp-content\/uploads\/2022\/01\/family-010-705x470.jpg\" alt=\"\"\/><\/a><\/div>\n<\/div>\n<div class=\"element grid  classic2_cols\">\n<div class=\"one_half gallery2 static filterable gallery_type animated10\"><a class=\"fancy-gallery\" href=\"https:\/\/studiokofol.com\/wp-content\/uploads\/2022\/01\/family-011.jpg\" ><img decoding=\"async\" src=\"https:\/\/studiokofol.com\/wp-content\/uploads\/2022\/01\/family-011-705x470.jpg\" alt=\"\"\/><\/a><\/div>\n<\/div>\n<div class=\"element grid  classic2_cols\">\n<div class=\"one_half gallery2 static filterable gallery_type animated11\"><a class=\"fancy-gallery\" href=\"https:\/\/studiokofol.com\/wp-content\/uploads\/2022\/01\/family-012.jpg\" ><img decoding=\"async\" src=\"https:\/\/studiokofol.com\/wp-content\/uploads\/2022\/01\/family-012-705x470.jpg\" alt=\"\"\/><\/a><\/div>\n<\/div>\n<div class=\"element grid  classic2_cols\">\n<div class=\"one_half gallery2 static filterable gallery_type animated12\"><a class=\"fancy-gallery\" href=\"https:\/\/studiokofol.com\/wp-content\/uploads\/2022\/01\/Moratto-016.jpg\" ><img decoding=\"async\" src=\"https:\/\/studiokofol.com\/wp-content\/uploads\/2022\/01\/Moratto-016-705x529.jpg\" alt=\"\"\/><\/a><\/div>\n<\/div>\n<div class=\"element grid  classic2_cols\">\n<div class=\"one_half gallery2 static filterable gallery_type animated13\"><a class=\"fancy-gallery\" href=\"https:\/\/studiokofol.com\/wp-content\/uploads\/2022\/01\/Moratto-012.jpg\" ><img decoding=\"async\" src=\"https:\/\/studiokofol.com\/wp-content\/uploads\/2022\/01\/Moratto-012-705x940.jpg\" alt=\"\"\/><\/a><\/div>\n<\/div>\n<div class=\"element grid  classic2_cols\">\n<div class=\"one_half gallery2 static filterable gallery_type animated14\"><a class=\"fancy-gallery\" href=\"https:\/\/studiokofol.com\/wp-content\/uploads\/2022\/01\/Moratto-014.jpg\" ><img decoding=\"async\" src=\"https:\/\/studiokofol.com\/wp-content\/uploads\/2022\/01\/Moratto-014-705x529.jpg\" alt=\"\"\/><\/a><\/div>\n<\/div>\n<div class=\"element grid  classic2_cols\">\n<div class=\"one_half gallery2 static filterable gallery_type animated15\"><a class=\"fancy-gallery\" href=\"https:\/\/studiokofol.com\/wp-content\/uploads\/2022\/01\/Moratto-002.jpg\" ><img decoding=\"async\" src=\"https:\/\/studiokofol.com\/wp-content\/uploads\/2022\/01\/Moratto-002-705x529.jpg\" alt=\"\"\/><\/a><\/div>\n<\/div>\n<\/div>\n<\/div>\n<\/div>","protected":false},"excerpt":{"rendered":"<p>Fotografiranje dru\u017ein in otrok Kot pravi neznani avtor je &#8220;dru\u017eina tam kjer se \u017eivljenje za\u010dne in ljubezen nikoli ne kon\u010da&#8221;. Fotografiranje dru\u017eine je zato, poleg ne\u0161tetih avantur in lepih trenutkov, ki jih pre\u017eivite skupaj, eden od na\u010dinov ohranjanja spominov na [&hellip;]<\/p>\n","protected":false},"author":1,"featured_media":0,"parent":0,"menu_order":0,"comment_status":"closed","ping_status":"closed","template":"","meta":{"om_disable_all_campaigns":false,"_monsterinsights_skip_tracking":false,"_monsterinsights_sitenote_active":false,"_monsterinsights_sitenote_note":"","_monsterinsights_sitenote_category":0,"footnotes":""},"class_list":["post-676","page","type-page","status-publish","hentry"],"aioseo_notices":[],"_links":{"self":[{"href":"https:\/\/studiokofol.com\/it\/wp-json\/wp\/v2\/pages\/676","targetHints":{"allow":["GET"]}}],"collection":[{"href":"https:\/\/studiokofol.com\/it\/wp-json\/wp\/v2\/pages"}],"about":[{"href":"https:\/\/studiokofol.com\/it\/wp-json\/wp\/v2\/types\/page"}],"author":[{"embeddable":true,"href":"https:\/\/studiokofol.com\/it\/wp-json\/wp\/v2\/users\/1"}],"replies":[{"embeddable":true,"href":"https:\/\/studiokofol.com\/it\/wp-json\/wp\/v2\/comments?post=676"}],"version-history":[{"count":43,"href":"https:\/\/studiokofol.com\/it\/wp-json\/wp\/v2\/pages\/676\/revisions"}],"predecessor-version":[{"id":2979,"href":"https:\/\/studiokofol.com\/it\/wp-json\/wp\/v2\/pages\/676\/revisions\/2979"}],"wp:attachment":[{"href":"https:\/\/studiokofol.com\/it\/wp-json\/wp\/v2\/media?parent=676"}],"curies":[{"name":"wp","href":"https:\/\/api.w.org\/{rel}","templated":true}]}}