{"id":966,"date":"2022-01-12T22:57:16","date_gmt":"2022-01-12T20:57:16","guid":{"rendered":"https:\/\/studiokofol.com\/?page_id=966"},"modified":"2026-02-27T19:15:11","modified_gmt":"2026-02-27T17:15:11","slug":"fotografiranje-novorojenckov","status":"publish","type":"page","link":"https:\/\/studiokofol.com\/it\/fotografiranje-novorojenckov\/","title":{"rendered":"Servizio fotografico di neonati"},"content":{"rendered":"<div  class=\"one withsmallpadding ppb_header\" style=\"text-align:center;padding:10px 0 10px 0;\" >\n<div class=\"standard_wrapper\">\n<div class=\"page_content_wrapper\">\n<div class=\"inner\">\n<div style=\"margin:auto;width:100%\">\n<h2 class=\"ppb_title\" style=\"\">Servizio fotografico di neonati<\/h2>\n<div class=\"page_header_sep center\"><\/div>\n<\/p>\n<p style=\"text-align: justify;\">\u00c8 nato un nuovo piccolo tesoro, il vostro neonato. Fate si che le inestimabili sensazioni che vi circondano in questo periodo rimangano immortalate anche sulle fotografie. Gli scatti dei neonati sono inestimabili perch\u00e9 catturano i primi giorni di vita del bimbo e creano memorie dei primi momenti comuni della vostra nuova famiglia.<\/p>\n<\/div>\n<\/div>\n<\/div>\n<\/div>\n<\/div>\n<div  class=\"one\">\n<div class=\"standard_wrapper\">\n<div id=\"1772212511759568323\" class=\"portfolio_filter_wrapper gallery three_cols contain\" data-columns=\"3\">\n<div class=\"element grid  classic3_cols\">\n<div class=\"one_third gallery3 static filterable gallery_type animated1\"><a class=\"fancy-gallery\" href=\"https:\/\/studiokofol.com\/wp-content\/uploads\/2022\/01\/Tom-004-scaled.jpg\" ><img decoding=\"async\" src=\"https:\/\/studiokofol.com\/wp-content\/uploads\/2022\/01\/Tom-004-705x470.jpg\" alt=\"\"\/><\/a><\/div>\n<\/div>\n<div class=\"element grid  classic3_cols\">\n<div class=\"one_third gallery3 static filterable gallery_type animated2\"><a class=\"fancy-gallery\" href=\"https:\/\/studiokofol.com\/wp-content\/uploads\/2022\/01\/Tom-028-scaled.jpg\" ><img decoding=\"async\" src=\"https:\/\/studiokofol.com\/wp-content\/uploads\/2022\/01\/Tom-028-705x470.jpg\" alt=\"\"\/><\/a><\/div>\n<\/div>\n<div class=\"element grid  classic3_cols\">\n<div class=\"one_third gallery3 static filterable gallery_type animated3\"><a class=\"fancy-gallery\" href=\"https:\/\/studiokofol.com\/wp-content\/uploads\/2022\/01\/Tom-008-scaled.jpg\" ><img decoding=\"async\" src=\"https:\/\/studiokofol.com\/wp-content\/uploads\/2022\/01\/Tom-008-705x470.jpg\" alt=\"\"\/><\/a><\/div>\n<\/div>\n<div class=\"element grid  classic3_cols\">\n<div class=\"one_third gallery3 static filterable gallery_type animated4\"><a class=\"fancy-gallery\" href=\"https:\/\/studiokofol.com\/wp-content\/uploads\/2022\/01\/Lana-013.jpg\" ><img decoding=\"async\" src=\"https:\/\/studiokofol.com\/wp-content\/uploads\/2022\/01\/Lana-013-705x470.jpg\" alt=\"\"\/><\/a><\/div>\n<\/div>\n<div class=\"element grid  classic3_cols\">\n<div class=\"one_third gallery3 static filterable gallery_type animated5\"><a class=\"fancy-gallery\" href=\"https:\/\/studiokofol.com\/wp-content\/uploads\/2022\/01\/Lana-007.jpg\" ><img decoding=\"async\" src=\"https:\/\/studiokofol.com\/wp-content\/uploads\/2022\/01\/Lana-007-705x1058.jpg\" alt=\"\"\/><\/a><\/div>\n<\/div>\n<div class=\"element grid  classic3_cols\">\n<div class=\"one_third gallery3 static filterable gallery_type animated6\"><a class=\"fancy-gallery\" href=\"https:\/\/studiokofol.com\/wp-content\/uploads\/2022\/01\/Lana-001.jpg\" ><img decoding=\"async\" src=\"https:\/\/studiokofol.com\/wp-content\/uploads\/2022\/01\/Lana-001-705x470.jpg\" alt=\"\"\/><\/a><\/div>\n<\/div>\n<div class=\"element grid  classic3_cols\">\n<div class=\"one_third gallery3 static filterable gallery_type animated7\"><a class=\"fancy-gallery\" href=\"https:\/\/studiokofol.com\/wp-content\/uploads\/2022\/01\/Urh-003.jpg\" ><img decoding=\"async\" src=\"https:\/\/studiokofol.com\/wp-content\/uploads\/2022\/01\/Urh-003-705x470.jpg\" alt=\"\"\/><\/a><\/div>\n<\/div>\n<div class=\"element grid  classic3_cols\">\n<div class=\"one_third gallery3 static filterable gallery_type animated8\"><a class=\"fancy-gallery\" href=\"https:\/\/studiokofol.com\/wp-content\/uploads\/2022\/01\/newborn.jpg\" ><img decoding=\"async\" src=\"https:\/\/studiokofol.com\/wp-content\/uploads\/2022\/01\/newborn-705x470.jpg\" alt=\"\"\/><\/a><\/div>\n<\/div>\n<\/div>\n<\/div>\n<\/div>\n<div  class=\"one withsmallpadding ppb_text\" style=\"padding:30px 0 30px 0;\" >\n<div class=\"standard_wrapper\">\n<div class=\"page_content_wrapper\">\n<div class=\"inner\">\n<div style=\"margin:auto;width:100%\">\n<p style=\"text-align: justify;\">I neonati vanno fotografati entro i primi 14 giorni di vita, idealmente tra il 6 e 10 giorno. \u00c8 il periodo nel quale dormono maggiormente ed \u00e8 quindi pi\u00f9 facile metterli in posa. La sessione fotografica dura circa 2 ore su vari sfondi, con diversi outfit e accessori disponibili nello studio. Sono inclusi gli scatti del neonato insieme ai genitori e\/o sorelle\/fratelli.<\/p>\n<\/div>\n<\/div>\n<\/div>\n<\/div>\n<\/div>\n<div  class=\"one withsmallpadding ppb_content_half_bg withbg\" style=\"background-image:url(https:\/\/studiokofol.com\/wp-content\/uploads\/2025\/10\/Lia-004.jpg);background-position: center bottom;padding:30px 0 30px 0;\" >\n<div class=\"standard_wrapper\">\n<div class=\"page_content_wrapper\">\n<div class=\"inner\">\n<div class=\"one_half_bg floatright\" style=\"background:#ffffff;background:rgb(255,255,255,0.85);background:rgba(255,255,255,0.85);\">\n<h2 class=\"ppb_title\" style=\"\">Costo dei servizi<\/h2>\n<div class=\"page_header_sep left\" ><\/div>\n<p>Novorojen\u010dek \u2665 \u00a0220 \u20ac<\/p>\n<p>\u2022 2-3 ore di servizio in studio (a domicilio +20 \u20ac)<br \/>\n\u2022 a disposizione vari abiti e accessori<br \/>\n\u2022 incluse foto con i genitori\/fratelli<br \/>\n\u2022 20 retu\u0161iranih fotografij<br \/>\n\u2022 fotografie aggiuntive: 10 \u20ac\/pz<\/p>\n<p>\u00a0<\/p>\n<p><a class=\"button small\" style=\"background-color:#4ec380 !important;color:#ffffff !important;border:1px solid #4ec380 !important;\" onclick=\"window.open('https:\/\/StudioKofol.pixieset.com\/booking\/rezervacija-termina', '_self')\">Rezerviraj termin<\/a>\n<\/div>\n<\/div>\n<\/div>\n<\/div>\n<\/div>\n<div class=\"standard_wrapper\">\n<div  class=\"one\" style=\"padding:5px 0 5px 0;\" >\n<div class=\"page_content_wrapper\">\n<div class=\"inner\">\n<div class=\"image_classic_frame expand animate\">\n<div class=\"image_wrapper\"><a href=\"https:\/\/studiokofol.com\/wp-content\/uploads\/2022\/01\/kolaz.jpg\" class=\"img_frame\"><img decoding=\"async\" src=\"https:\/\/studiokofol.com\/wp-content\/uploads\/2022\/01\/kolaz.jpg\" alt=\"\" class=\"portfolio_img\"\/><\/a><\/div>\n<\/div>\n<\/div>\n<\/div>\n<\/div>\n<\/div>","protected":false},"excerpt":{"rendered":"<p>Fotografiranje novorojen\u010dkov Rodil se je novi mali zaklad, to je va\u0161 novorojen\u010dek. Naj bodo neprecenljivi ob\u010dutki, ki vas obdajajo v tem obdobju, ovekove\u010deni tudi na fotografijah. Fotografiranje novorojen\u010dkov je neprecenljivo, saj pomeni ujeti otrokove prve dni \u017eivljenja in ustvariti spomine [&hellip;]<\/p>\n","protected":false},"author":1,"featured_media":0,"parent":0,"menu_order":0,"comment_status":"closed","ping_status":"closed","template":"","meta":{"om_disable_all_campaigns":false,"_monsterinsights_skip_tracking":false,"_monsterinsights_sitenote_active":false,"_monsterinsights_sitenote_note":"","_monsterinsights_sitenote_category":0,"footnotes":""},"class_list":["post-966","page","type-page","status-publish","hentry"],"aioseo_notices":[],"_links":{"self":[{"href":"https:\/\/studiokofol.com\/it\/wp-json\/wp\/v2\/pages\/966","targetHints":{"allow":["GET"]}}],"collection":[{"href":"https:\/\/studiokofol.com\/it\/wp-json\/wp\/v2\/pages"}],"about":[{"href":"https:\/\/studiokofol.com\/it\/wp-json\/wp\/v2\/types\/page"}],"author":[{"embeddable":true,"href":"https:\/\/studiokofol.com\/it\/wp-json\/wp\/v2\/users\/1"}],"replies":[{"embeddable":true,"href":"https:\/\/studiokofol.com\/it\/wp-json\/wp\/v2\/comments?post=966"}],"version-history":[{"count":59,"href":"https:\/\/studiokofol.com\/it\/wp-json\/wp\/v2\/pages\/966\/revisions"}],"predecessor-version":[{"id":2978,"href":"https:\/\/studiokofol.com\/it\/wp-json\/wp\/v2\/pages\/966\/revisions\/2978"}],"wp:attachment":[{"href":"https:\/\/studiokofol.com\/it\/wp-json\/wp\/v2\/media?parent=966"}],"curies":[{"name":"wp","href":"https:\/\/api.w.org\/{rel}","templated":true}]}}